{"id":420,"date":"2012-05-26T09:31:15","date_gmt":"2012-05-26T09:31:15","guid":{"rendered":"http:\/\/wordpress.friseur-eickhoff.de\/?page_id=420"},"modified":"2025-02-13T14:49:54","modified_gmt":"2025-02-13T14:49:54","slug":"silke-eickhoff","status":"publish","type":"page","link":"https:\/\/friseur-eickhoff.de\/?page_id=420","title":{"rendered":"Silke Eickhoff"},"content":{"rendered":"<p><a href=\"http:\/\/wordpress.friseur-eickhoff.de\/wp-content\/uploads\/2012\/05\/0004-Kopie.jpg\"><img loading=\"lazy\" decoding=\"async\" class=\"alignnone size-full wp-image-462\" src=\"http:\/\/wordpress.friseur-eickhoff.de\/wp-content\/uploads\/2012\/05\/0004-Kopie.jpg\" alt=\"\" width=\"800\" height=\"531\" srcset=\"https:\/\/wordpress.friseur-eickhoff.de\/wp-content\/uploads\/2012\/05\/0004-Kopie.jpg 800w, https:\/\/wordpress.friseur-eickhoff.de\/wp-content\/uploads\/2012\/05\/0004-Kopie-300x199.jpg 300w, https:\/\/wordpress.friseur-eickhoff.de\/wp-content\/uploads\/2012\/05\/0004-Kopie-451x300.jpg 451w, https:\/\/wordpress.friseur-eickhoff.de\/wp-content\/uploads\/2012\/05\/0004-Kopie-120x80.jpg 120w\" sizes=\"auto, (max-width: 800px) 100vw, 800px\" \/><\/a><\/p>\n<p>1987 Ausbildung<br \/>\n1990 Gesellenpr\u00fcfung mit Auszeichnung<br \/>\n1994 Meisterpr\u00fcfung<br \/>\n2001 Betriebswirtin des Handwerks<br \/>\n2002 \u00dcbernahme &#8222;Friseur-Salon Eickhoff&#8220;<\/p>\n","protected":false},"excerpt":{"rendered":"<p>1987 Ausbildung 1990 Gesellenpr\u00fcfung mit Auszeichnung 1994 Meisterpr\u00fcfung 2001 Betriebswirtin des Handwerks 2002 \u00dcbernahme &#8222;Friseur-Salon Eickhoff&#8220;<\/p>\n","protected":false},"author":1,"featured_media":462,"parent":0,"menu_order":0,"comment_status":"closed","ping_status":"closed","template":"","meta":{"ngg_post_thumbnail":0,"footnotes":""},"class_list":["post-420","page","type-page","status-publish","has-post-thumbnail","hentry"],"_links":{"self":[{"href":"https:\/\/friseur-eickhoff.de\/index.php?rest_route=\/wp\/v2\/pages\/420","targetHints":{"allow":["GET"]}}],"collection":[{"href":"https:\/\/friseur-eickhoff.de\/index.php?rest_route=\/wp\/v2\/pages"}],"about":[{"href":"https:\/\/friseur-eickhoff.de\/index.php?rest_route=\/wp\/v2\/types\/page"}],"author":[{"embeddable":true,"href":"https:\/\/friseur-eickhoff.de\/index.php?rest_route=\/wp\/v2\/users\/1"}],"replies":[{"embeddable":true,"href":"https:\/\/friseur-eickhoff.de\/index.php?rest_route=%2Fwp%2Fv2%2Fcomments&post=420"}],"version-history":[{"count":24,"href":"https:\/\/friseur-eickhoff.de\/index.php?rest_route=\/wp\/v2\/pages\/420\/revisions"}],"predecessor-version":[{"id":1653,"href":"https:\/\/friseur-eickhoff.de\/index.php?rest_route=\/wp\/v2\/pages\/420\/revisions\/1653"}],"wp:featuredmedia":[{"embeddable":true,"href":"https:\/\/friseur-eickhoff.de\/index.php?rest_route=\/wp\/v2\/media\/462"}],"wp:attachment":[{"href":"https:\/\/friseur-eickhoff.de\/index.php?rest_route=%2Fwp%2Fv2%2Fmedia&parent=420"}],"curies":[{"name":"wp","href":"https:\/\/api.w.org\/{rel}","templated":true}]}}